{"id":160,"date":"2021-10-19T17:03:52","date_gmt":"2021-10-19T17:03:52","guid":{"rendered":"https:\/\/listinghive.hivepress.io\/?page_id=8"},"modified":"2021-10-19T17:03:52","modified_gmt":"2021-10-19T17:03:52","slug":"home","status":"publish","type":"page","link":"https:\/\/provarq.ddns.net\/","title":{"rendered":"Home"},"content":{"rendered":"\n<h1 class=\"has-text-align-center wp-block-heading\">Find everything you need.<\/h1>\n\n\n\n<p class=\"has-text-align-center has-medium-font-size\">Search properties, services and items for sale on a single site.<\/p>\n\n\n\n<!--more-->\n<!--noteaser-->\n\n\n <form class=\"hp-form--wide hp-form--primary hp-block hp-form hp-form--listing-search\" action=\"https:\/\/provarq.ddns.net\" method=\"GET\" data-component=\"form\"><div class=\"hp-form__messages\" data-component=\"messages\"><\/div><div class=\"hp-form__fields\"><input type=\"hidden\" name=\"post_type\" value=\"hp_listing\" class=\"hp-field hp-field--hidden\"><select name=\"_category\" class=\"hp-field hp-field--hidden\"><option value=\"\">Todas las categor\u00edas<\/option><option value=\"28\">Bienes raices<\/option><option value=\"37\" data-level=\"1\" data-parent=\"28\">Terrenos<\/option><option value=\"38\" data-level=\"1\" data-parent=\"28\">Casa-habitaci\u00f3n<\/option><option value=\"30\">Servicios<\/option><option value=\"22\">En venta<\/option><\/select><div class=\"hp-form__field hp-form__field--search\"><input type=\"search\" name=\"s\" value=\"\" placeholder=\"Palabras claves\" maxlength=\"256\" class=\"hp-field hp-field--search\"><\/div><\/div><div class=\"hp-form__footer\"><button type=\"submit\" class=\"hp-form__button button-primary alt button hp-field hp-field--submit\"><span>Buscar<\/span><\/button><\/div><\/form>\n\n\n<div style=\"height:1px\" aria-hidden=\"true\" class=\"wp-block-spacer\"><\/div>\n\n\n\n<h2 class=\"has-text-align-center content-title wp-block-heading\">Top Categories<\/h2>\n\n\n <div class=\"hp-listing-categories hp-grid hp-block\"><div class=\"hp-row\"><div class=\"hp-grid__item hp-col-sm-4 hp-col-xs-12\"><article class=\"hp-listing-category hp-listing-category--view-block\"><header class=\"hp-listing-category__header\"><div class=\"hp-listing-category__image\">\n\t<a href=\"https:\/\/provarq.ddns.net\/?hp_listing_category=real-estate\">\n\t\t\t\t\t<img decoding=\"async\" src=\"https:\/\/provarq.ddns.net\/wp-content\/uploads\/2021\/11\/image-20.jpg\" alt=\"Bienes raices\" loading=\"lazy\">\n\t\t\t<\/a>\n<\/div>\n<div class=\"hp-listing-category__item-count hp-listing-category__count\">68 anuncios<\/div>\n<\/header><div class=\"hp-listing-category__content\"><h3 class=\"hp-listing-category__name\"><a href=\"https:\/\/provarq.ddns.net\/?hp_listing_category=real-estate\">Bienes raices<\/a>\n<\/h3><div class=\"hp-listing-category__details hp-listing-category__details--primary\"><\/div>\t<div class=\"hp-listing-category__description\">En esta secci\u00f3n se observa los comparables capturados en este sitio web. Se cuenta con terrenos e inmuebles tipo habitacional, industrial o comercial.<\/div>\n\t<\/div><\/article><\/div><div class=\"hp-grid__item hp-col-sm-4 hp-col-xs-12\"><article class=\"hp-listing-category hp-listing-category--view-block\"><header class=\"hp-listing-category__header\"><div class=\"hp-listing-category__image\">\n\t<a href=\"https:\/\/provarq.ddns.net\/?hp_listing_category=servicios\">\n\t\t\t\t\t<img decoding=\"async\" src=\"https:\/\/provarq.ddns.net\/wp-content\/uploads\/2021\/11\/image-21.jpg\" alt=\"Servicios\" loading=\"lazy\">\n\t\t\t<\/a>\n<\/div>\n<div class=\"hp-listing-category__item-count hp-listing-category__count\">6 anuncios<\/div>\n<\/header><div class=\"hp-listing-category__content\"><h3 class=\"hp-listing-category__name\"><a href=\"https:\/\/provarq.ddns.net\/?hp_listing_category=servicios\">Servicios<\/a>\n<\/h3><div class=\"hp-listing-category__details hp-listing-category__details--primary\"><\/div>\t<div class=\"hp-listing-category__description\">Aqu\u00ed tenemos los servicios que proporcionamos.<\/div>\n\t<\/div><\/article><\/div><div class=\"hp-grid__item hp-col-sm-4 hp-col-xs-12\"><article class=\"hp-listing-category hp-listing-category--view-block\"><header class=\"hp-listing-category__header\"><div class=\"hp-listing-category__image\">\n\t<a href=\"https:\/\/provarq.ddns.net\/?hp_listing_category=en-venta\">\n\t\t\t\t\t<img decoding=\"async\" src=\"https:\/\/provarq.ddns.net\/wp-content\/uploads\/2021\/11\/image-22.jpg\" alt=\"En venta\" loading=\"lazy\">\n\t\t\t<\/a>\n<\/div>\n<div class=\"hp-listing-category__item-count hp-listing-category__count\">6 anuncios<\/div>\n<\/header><div class=\"hp-listing-category__content\"><h3 class=\"hp-listing-category__name\"><a href=\"https:\/\/provarq.ddns.net\/?hp_listing_category=en-venta\">En venta<\/a>\n<\/h3><div class=\"hp-listing-category__details hp-listing-category__details--primary\"><\/div>\t<div class=\"hp-listing-category__description\">En esta secci\u00f3n podr\u00e1s ver los art\u00edculos que se encuentran en venta<\/div>\n\t<\/div><\/article><\/div><\/div><\/div>\n\n\n<h2 class=\"has-text-align-center content-title wp-block-heading\">Recent Listings<\/h2>\n\n\n <div class=\"hp-listings hp-block hp-grid\"><div class=\"hp-row\"><div class=\"hp-grid__item hp-col-sm-4 hp-col-xs-12\"><article class=\"hp-listing hp-listing--view-block\"><header class=\"hp-listing__header\"><div class=\"hp-listing__image\" data-component=\"carousel-slider\" data-preview=\"false\" data-aspect-ratio=\"1.3333\" data-url=\"https:\/\/provarq.ddns.net\/?hp_listing=terreno-en-teofilo-borunda\">\n\t\t\t<a href=\"https:\/\/provarq.ddns.net\/?hp_listing=terreno-en-teofilo-borunda\">\n\t\t\t\t\t\t\t<img decoding=\"async\" src=\"https:\/\/provarq.ddns.net\/wp-content\/uploads\/2026\/04\/33-1-400x300.jpg\" alt=\"TERRENO EN TEOFILO BORUNDA\" loading=\"lazy\">\n\t\t\t\t\t<\/a>\n\t<\/div>\n<\/header><div class=\"hp-listing__content\">\t<div class=\"hp-listing__categories hp-listing__category\">\n\t\t\t\t\t<a href=\"https:\/\/provarq.ddns.net\/?hp_listing_category=terrenos\">Terrenos<\/a>\n\t\t\t<\/div>\n\t<h4 class=\"hp-listing__title\"><a href=\"https:\/\/provarq.ddns.net\/?hp_listing=terreno-en-teofilo-borunda\">TERRENO EN TEOFILO BORUNDA<\/a>\n<\/h4><div class=\"hp-listing__details hp-listing__details--primary\"><time class=\"hp-listing__created-date hp-listing__date hp-meta\" datetime=\"2026-04-30 21:23:38\">\n\tA\u00f1adido el 30 abril, 2026<\/time>\n<\/div><div class=\"hp-block hp-listing__attributes hp-listing__attributes--secondary\"><div class=\"hp-row\"><div class=\"hp-col-lg-6 hp-col-xs-12\"><div class=\"hp-listing__attribute hp-listing__attribute--type\"><strong>Fecha de consulta<\/strong>: 30 abril, 2026<\/div><\/div><div class=\"hp-col-lg-6 hp-col-xs-12\"><div class=\"hp-listing__attribute hp-listing__attribute--ubicacion\"><strong>Ubicaci\u00f3n<\/strong>: AVENIDA TEOFILO BORUNDA ORTIZ<\/div><\/div><div class=\"hp-col-lg-6 hp-col-xs-12\"><div class=\"hp-listing__attribute hp-listing__attribute--precio\"><strong>Precio de oferta<\/strong>: $950,000.00<\/div><\/div><div class=\"hp-col-lg-6 hp-col-xs-12\"><div class=\"hp-listing__attribute hp-listing__attribute--preciom2\"><strong>Precio por $\/m2<\/strong>: $9,538.15<\/div><\/div><div class=\"hp-col-lg-6 hp-col-xs-12\"><div class=\"hp-listing__attribute hp-listing__attribute--construccm2\"><strong>m2 de construcci\u00f3n<\/strong>: 0.000 m\u00b2<\/div><\/div><div class=\"hp-col-lg-6 hp-col-xs-12\"><div class=\"hp-listing__attribute hp-listing__attribute--sq-footage\"><strong>m\u00b2 de terreno<\/strong>: 99.60 m\u00b2<\/div><\/div><\/div><\/div><\/div><footer class=\"hp-listing__footer\"><div class=\"hp-block hp-listing__attributes hp-listing__attributes--primary\"><div class=\"hp-listing__attribute hp-listing__attribute--preciom2\"><strong>Precio por $\/m2<\/strong>: $9,538.15<\/div><\/div><div class=\"hp-listing__actions hp-listing__actions--primary\"><\/div><\/footer><\/article><\/div><div class=\"hp-grid__item hp-col-sm-4 hp-col-xs-12\"><article class=\"hp-listing hp-listing--view-block\"><header class=\"hp-listing__header\"><div class=\"hp-listing__image\" data-component=\"carousel-slider\" data-preview=\"false\" data-aspect-ratio=\"1.3333\" data-url=\"https:\/\/provarq.ddns.net\/?hp_listing=casa-en-venta-en-colonia-marmol\">\n\t\t\t<a href=\"https:\/\/provarq.ddns.net\/?hp_listing=casa-en-venta-en-colonia-marmol\">\n\t\t\t\t\t\t\t<img decoding=\"async\" src=\"https:\/\/provarq.ddns.net\/wp-content\/uploads\/2026\/03\/b-28-03-2-225x300.jpg\" alt=\"CASA EN VENTA EN COLONIA MARMOL\" loading=\"lazy\">\n\t\t\t\t\t<\/a>\n\t<\/div>\n<\/header><div class=\"hp-listing__content\">\t<div class=\"hp-listing__categories hp-listing__category\">\n\t\t\t\t\t<a href=\"https:\/\/provarq.ddns.net\/?hp_listing_category=casahabitacion\">Casa-habitaci\u00f3n<\/a>\n\t\t\t<\/div>\n\t<h4 class=\"hp-listing__title\"><a href=\"https:\/\/provarq.ddns.net\/?hp_listing=casa-en-venta-en-colonia-marmol\">CASA EN VENTA EN COLONIA MARMOL<\/a>\n<\/h4><div class=\"hp-listing__details hp-listing__details--primary\"><time class=\"hp-listing__created-date hp-listing__date hp-meta\" datetime=\"2026-03-28 17:48:51\">\n\tA\u00f1adido el 28 marzo, 2026<\/time>\n<\/div><div class=\"hp-block hp-listing__attributes hp-listing__attributes--secondary\"><div class=\"hp-row\"><div class=\"hp-col-lg-6 hp-col-xs-12\"><div class=\"hp-listing__attribute hp-listing__attribute--type\"><strong>Fecha de consulta<\/strong>: 28 marzo, 2026<\/div><\/div><div class=\"hp-col-lg-6 hp-col-xs-12\"><div class=\"hp-listing__attribute hp-listing__attribute--ubicacion\"><strong>Ubicaci\u00f3n<\/strong>: Colonia Marmol<\/div><\/div><div class=\"hp-col-lg-6 hp-col-xs-12\"><div class=\"hp-listing__attribute hp-listing__attribute--precio\"><strong>Precio de oferta<\/strong>: $1,200,000.00<\/div><\/div><div class=\"hp-col-lg-6 hp-col-xs-12\"><div class=\"hp-listing__attribute hp-listing__attribute--preciom2\"><strong>Precio por $\/m2<\/strong>: $15,789.47<\/div><\/div><div class=\"hp-col-lg-6 hp-col-xs-12\"><div class=\"hp-listing__attribute hp-listing__attribute--construccm2\"><strong>m2 de construcci\u00f3n<\/strong>: 76.000 m\u00b2<\/div><\/div><div class=\"hp-col-lg-6 hp-col-xs-12\"><div class=\"hp-listing__attribute hp-listing__attribute--sq-footage\"><strong>m\u00b2 de terreno<\/strong>: 105.00 m\u00b2<\/div><\/div><\/div><\/div><\/div><footer class=\"hp-listing__footer\"><div class=\"hp-block hp-listing__attributes hp-listing__attributes--primary\"><div class=\"hp-listing__attribute hp-listing__attribute--preciom2\"><strong>Precio por $\/m2<\/strong>: $15,789.47<\/div><\/div><div class=\"hp-listing__actions hp-listing__actions--primary\"><\/div><\/footer><\/article><\/div><div class=\"hp-grid__item hp-col-sm-4 hp-col-xs-12\"><article class=\"hp-listing hp-listing--view-block\"><header class=\"hp-listing__header\"><div class=\"hp-listing__image\" data-component=\"carousel-slider\" data-preview=\"false\" data-aspect-ratio=\"1.3333\" data-url=\"https:\/\/provarq.ddns.net\/?hp_listing=vivienda-en-colonia-pacifico-2\">\n\t\t\t<a href=\"https:\/\/provarq.ddns.net\/?hp_listing=vivienda-en-colonia-pacifico-2\">\n\t\t\t\t\t\t\t<img decoding=\"async\" src=\"https:\/\/provarq.ddns.net\/wp-content\/uploads\/2026\/03\/a2-1-400x300.jpg\" alt=\"VIVIENDA EN COLONIA PAC\u00cdFICO\" loading=\"lazy\">\n\t\t\t\t\t<\/a>\n\t<\/div>\n<\/header><div class=\"hp-listing__content\">\t<div class=\"hp-listing__categories hp-listing__category\">\n\t\t\t\t\t<a href=\"https:\/\/provarq.ddns.net\/?hp_listing_category=casahabitacion\">Casa-habitaci\u00f3n<\/a>\n\t\t\t<\/div>\n\t<h4 class=\"hp-listing__title\"><a href=\"https:\/\/provarq.ddns.net\/?hp_listing=vivienda-en-colonia-pacifico-2\">VIVIENDA EN COLONIA PAC\u00cdFICO<\/a>\n<\/h4><div class=\"hp-listing__details hp-listing__details--primary\"><time class=\"hp-listing__created-date hp-listing__date hp-meta\" datetime=\"2026-03-23 20:50:17\">\n\tA\u00f1adido el 23 marzo, 2026<\/time>\n<\/div><div class=\"hp-block hp-listing__attributes hp-listing__attributes--secondary\"><div class=\"hp-row\"><div class=\"hp-col-lg-6 hp-col-xs-12\"><div class=\"hp-listing__attribute hp-listing__attribute--type\"><strong>Fecha de consulta<\/strong>: 23 marzo, 2026<\/div><\/div><div class=\"hp-col-lg-6 hp-col-xs-12\"><div class=\"hp-listing__attribute hp-listing__attribute--ubicacion\"><strong>Ubicaci\u00f3n<\/strong>: Colonia pac\u00edfico en la misma calle del Villa Fiesta<\/div><\/div><div class=\"hp-col-lg-6 hp-col-xs-12\"><div class=\"hp-listing__attribute hp-listing__attribute--precio\"><strong>Precio de oferta<\/strong>: $1,550,000.00<\/div><\/div><div class=\"hp-col-lg-6 hp-col-xs-12\"><div class=\"hp-listing__attribute hp-listing__attribute--preciom2\"><strong>Precio por $\/m2<\/strong>: $10,504.91<\/div><\/div><div class=\"hp-col-lg-6 hp-col-xs-12\"><div class=\"hp-listing__attribute hp-listing__attribute--construccm2\"><strong>m2 de construcci\u00f3n<\/strong>: 147.550 m\u00b2<\/div><\/div><div class=\"hp-col-lg-6 hp-col-xs-12\"><div class=\"hp-listing__attribute hp-listing__attribute--sq-footage\"><strong>m\u00b2 de terreno<\/strong>: 173.00 m\u00b2<\/div><\/div><\/div><\/div><\/div><footer class=\"hp-listing__footer\"><div class=\"hp-block hp-listing__attributes hp-listing__attributes--primary\"><div class=\"hp-listing__attribute hp-listing__attribute--preciom2\"><strong>Precio por $\/m2<\/strong>: $10,504.91<\/div><\/div><div class=\"hp-listing__actions hp-listing__actions--primary\"><\/div><\/footer><\/article><\/div><div class=\"hp-grid__item hp-col-sm-4 hp-col-xs-12\"><article class=\"hp-listing hp-listing--view-block\"><header class=\"hp-listing__header\"><div class=\"hp-listing__image\" data-component=\"carousel-slider\" data-preview=\"false\" data-aspect-ratio=\"1.3333\" data-url=\"https:\/\/provarq.ddns.net\/?hp_listing=terreno-a-8-calles-de-corredor-nueva-espana\">\n\t\t\t<a href=\"https:\/\/provarq.ddns.net\/?hp_listing=terreno-a-8-calles-de-corredor-nueva-espana\">\n\t\t\t\t\t\t\t<img decoding=\"async\" src=\"https:\/\/provarq.ddns.net\/wp-content\/uploads\/2026\/03\/a-1-400x300.jpg\" alt=\"TERRENO A 8 CALLES DE CORREDOR NUEVA ESPA\u00d1A\" loading=\"lazy\">\n\t\t\t\t\t<\/a>\n\t<\/div>\n<\/header><div class=\"hp-listing__content\">\t<div class=\"hp-listing__categories hp-listing__category\">\n\t\t\t\t\t<a href=\"https:\/\/provarq.ddns.net\/?hp_listing_category=terrenos\">Terrenos<\/a>\n\t\t\t<\/div>\n\t<h4 class=\"hp-listing__title\"><a href=\"https:\/\/provarq.ddns.net\/?hp_listing=terreno-a-8-calles-de-corredor-nueva-espana\">TERRENO A 8 CALLES DE CORREDOR NUEVA ESPA\u00d1A<\/a>\n<\/h4><div class=\"hp-listing__details hp-listing__details--primary\"><time class=\"hp-listing__created-date hp-listing__date hp-meta\" datetime=\"2026-03-21 00:00:45\">\n\tA\u00f1adido el 21 marzo, 2026<\/time>\n<\/div><div class=\"hp-block hp-listing__attributes hp-listing__attributes--secondary\"><div class=\"hp-row\"><div class=\"hp-col-lg-6 hp-col-xs-12\"><div class=\"hp-listing__attribute hp-listing__attribute--type\"><strong>Fecha de consulta<\/strong>: 20 marzo, 2026<\/div><\/div><div class=\"hp-col-lg-6 hp-col-xs-12\"><div class=\"hp-listing__attribute hp-listing__attribute--ubicacion\"><strong>Ubicaci\u00f3n<\/strong>: Al sur a 8 cuadras de corredor nueva espa\u00f1a<\/div><\/div><div class=\"hp-col-lg-6 hp-col-xs-12\"><div class=\"hp-listing__attribute hp-listing__attribute--precio\"><strong>Precio de oferta<\/strong>: $350,000.00<\/div><\/div><div class=\"hp-col-lg-6 hp-col-xs-12\"><div class=\"hp-listing__attribute hp-listing__attribute--preciom2\"><strong>Precio por $\/m2<\/strong>: $1,944.44<\/div><\/div><div class=\"hp-col-lg-6 hp-col-xs-12\"><div class=\"hp-listing__attribute hp-listing__attribute--construccm2\"><strong>m2 de construcci\u00f3n<\/strong>: 0.000 m\u00b2<\/div><\/div><div class=\"hp-col-lg-6 hp-col-xs-12\"><div class=\"hp-listing__attribute hp-listing__attribute--sq-footage\"><strong>m\u00b2 de terreno<\/strong>: 180.00 m\u00b2<\/div><\/div><\/div><\/div><\/div><footer class=\"hp-listing__footer\"><div class=\"hp-block hp-listing__attributes hp-listing__attributes--primary\"><div class=\"hp-listing__attribute hp-listing__attribute--preciom2\"><strong>Precio por $\/m2<\/strong>: $1,944.44<\/div><\/div><div class=\"hp-listing__actions hp-listing__actions--primary\"><\/div><\/footer><\/article><\/div><div class=\"hp-grid__item hp-col-sm-4 hp-col-xs-12\"><article class=\"hp-listing hp-listing--view-block\"><header class=\"hp-listing__header\"><div class=\"hp-listing__image\" data-component=\"carousel-slider\" data-preview=\"false\" data-aspect-ratio=\"1.3333\" data-url=\"https:\/\/provarq.ddns.net\/?hp_listing=terreno-en-colonia-panamericana-calle-republica-de-brazil\">\n\t\t\t<a href=\"https:\/\/provarq.ddns.net\/?hp_listing=terreno-en-colonia-panamericana-calle-republica-de-brazil\">\n\t\t\t\t\t\t\t<img decoding=\"async\" src=\"https:\/\/provarq.ddns.net\/wp-content\/uploads\/2026\/02\/33-2-1.jpg\" alt=\"TERRENO EN COLONIA PANAMERICANA CALLE REP\u00daBLICA DE BRAZIL\" loading=\"lazy\">\n\t\t\t\t\t<\/a>\n\t<\/div>\n<\/header><div class=\"hp-listing__content\">\t<div class=\"hp-listing__categories hp-listing__category\">\n\t\t\t\t\t<a href=\"https:\/\/provarq.ddns.net\/?hp_listing_category=terrenos\">Terrenos<\/a>\n\t\t\t<\/div>\n\t<h4 class=\"hp-listing__title\"><a href=\"https:\/\/provarq.ddns.net\/?hp_listing=terreno-en-colonia-panamericana-calle-republica-de-brazil\">TERRENO EN COLONIA PANAMERICANA CALLE REP\u00daBLICA DE BRAZIL<\/a>\n<\/h4><div class=\"hp-listing__details hp-listing__details--primary\"><time class=\"hp-listing__created-date hp-listing__date hp-meta\" datetime=\"2026-02-27 18:04:06\">\n\tA\u00f1adido el 27 febrero, 2026<\/time>\n<\/div><div class=\"hp-block hp-listing__attributes hp-listing__attributes--secondary\"><div class=\"hp-row\"><div class=\"hp-col-lg-6 hp-col-xs-12\"><div class=\"hp-listing__attribute hp-listing__attribute--type\"><strong>Fecha de consulta<\/strong>: 27 febrero, 2026<\/div><\/div><div class=\"hp-col-lg-6 hp-col-xs-12\"><div class=\"hp-listing__attribute hp-listing__attribute--ubicacion\"><strong>Ubicaci\u00f3n<\/strong>: Calle REp\u00fablica de Brazil Col Panamericana s\/n Entre CArbonel y Antonio de Montes.avenida<\/div><\/div><div class=\"hp-col-lg-6 hp-col-xs-12\"><div class=\"hp-listing__attribute hp-listing__attribute--precio\"><strong>Precio de oferta<\/strong>: $2,250,000.00<\/div><\/div><div class=\"hp-col-lg-6 hp-col-xs-12\"><div class=\"hp-listing__attribute hp-listing__attribute--preciom2\"><strong>Precio por $\/m2<\/strong>: $8,571.42<\/div><\/div><div class=\"hp-col-lg-6 hp-col-xs-12\"><div class=\"hp-listing__attribute hp-listing__attribute--construccm2\"><strong>m2 de construcci\u00f3n<\/strong>: 0.000 m\u00b2<\/div><\/div><div class=\"hp-col-lg-6 hp-col-xs-12\"><div class=\"hp-listing__attribute hp-listing__attribute--sq-footage\"><strong>m\u00b2 de terreno<\/strong>: 262.50 m\u00b2<\/div><\/div><\/div><\/div><\/div><footer class=\"hp-listing__footer\"><div class=\"hp-block hp-listing__attributes hp-listing__attributes--primary\"><div class=\"hp-listing__attribute hp-listing__attribute--preciom2\"><strong>Precio por $\/m2<\/strong>: $8,571.42<\/div><\/div><div class=\"hp-listing__actions hp-listing__actions--primary\"><\/div><\/footer><\/article><\/div><div class=\"hp-grid__item hp-col-sm-4 hp-col-xs-12\"><article class=\"hp-listing hp-listing--view-block\"><header class=\"hp-listing__header\"><div class=\"hp-listing__image\" data-component=\"carousel-slider\" data-preview=\"false\" data-aspect-ratio=\"1.3333\" data-url=\"https:\/\/provarq.ddns.net\/?hp_listing=terreno-en-torralba-residencial-zona-cantera\">\n\t\t\t<a href=\"https:\/\/provarq.ddns.net\/?hp_listing=terreno-en-torralba-residencial-zona-cantera\">\n\t\t\t\t\t\t\t<img decoding=\"async\" src=\"https:\/\/provarq.ddns.net\/wp-content\/uploads\/2026\/02\/101-1-1.jpg\" alt=\"TERRENO EN TORRALBA RESIDENCIAL ZONA CANTERA\" loading=\"lazy\">\n\t\t\t\t\t<\/a>\n\t<\/div>\n<\/header><div class=\"hp-listing__content\">\t<div class=\"hp-listing__categories hp-listing__category\">\n\t\t\t\t\t<a href=\"https:\/\/provarq.ddns.net\/?hp_listing_category=terrenos\">Terrenos<\/a>\n\t\t\t<\/div>\n\t<h4 class=\"hp-listing__title\"><a href=\"https:\/\/provarq.ddns.net\/?hp_listing=terreno-en-torralba-residencial-zona-cantera\">TERRENO EN TORRALBA RESIDENCIAL ZONA CANTERA<\/a>\n<\/h4><div class=\"hp-listing__details hp-listing__details--primary\"><time class=\"hp-listing__created-date hp-listing__date hp-meta\" datetime=\"2026-02-27 17:59:50\">\n\tA\u00f1adido el 27 febrero, 2026<\/time>\n<\/div><div class=\"hp-block hp-listing__attributes hp-listing__attributes--secondary\"><div class=\"hp-row\"><div class=\"hp-col-lg-6 hp-col-xs-12\"><div class=\"hp-listing__attribute hp-listing__attribute--type\"><strong>Fecha de consulta<\/strong>: 27 febrero, 2026<\/div><\/div><div class=\"hp-col-lg-6 hp-col-xs-12\"><div class=\"hp-listing__attribute hp-listing__attribute--ubicacion\"><strong>Ubicaci\u00f3n<\/strong>: Torralba residencial.<\/div><\/div><div class=\"hp-col-lg-6 hp-col-xs-12\"><div class=\"hp-listing__attribute hp-listing__attribute--precio\"><strong>Precio de oferta<\/strong>: $1,850,000.00<\/div><\/div><div class=\"hp-col-lg-6 hp-col-xs-12\"><div class=\"hp-listing__attribute hp-listing__attribute--preciom2\"><strong>Precio por $\/m2<\/strong>: $9,788.34<\/div><\/div><div class=\"hp-col-lg-6 hp-col-xs-12\"><div class=\"hp-listing__attribute hp-listing__attribute--construccm2\"><strong>m2 de construcci\u00f3n<\/strong>: 0.000 m\u00b2<\/div><\/div><div class=\"hp-col-lg-6 hp-col-xs-12\"><div class=\"hp-listing__attribute hp-listing__attribute--sq-footage\"><strong>m\u00b2 de terreno<\/strong>: 189.00 m\u00b2<\/div><\/div><\/div><\/div><\/div><footer class=\"hp-listing__footer\"><div class=\"hp-block hp-listing__attributes hp-listing__attributes--primary\"><div class=\"hp-listing__attribute hp-listing__attribute--preciom2\"><strong>Precio por $\/m2<\/strong>: $9,788.34<\/div><\/div><div class=\"hp-listing__actions hp-listing__actions--primary\"><\/div><\/footer><\/article><\/div><\/div><\/div>","protected":false},"excerpt":{"rendered":"<p>Find everything you need. Search properties, services and items for sale on a single site.<\/p>\n","protected":false},"author":1,"featured_media":0,"parent":0,"menu_order":0,"comment_status":"closed","ping_status":"closed","template":"","meta":{"footnotes":""},"class_list":["post-160","page","type-page","status-publish","hentry"],"_links":{"self":[{"href":"https:\/\/provarq.ddns.net\/index.php?rest_route=\/wp\/v2\/pages\/160","targetHints":{"allow":["GET"]}}],"collection":[{"href":"https:\/\/provarq.ddns.net\/index.php?rest_route=\/wp\/v2\/pages"}],"about":[{"href":"https:\/\/provarq.ddns.net\/index.php?rest_route=\/wp\/v2\/types\/page"}],"author":[{"embeddable":true,"href":"https:\/\/provarq.ddns.net\/index.php?rest_route=\/wp\/v2\/users\/1"}],"replies":[{"embeddable":true,"href":"https:\/\/provarq.ddns.net\/index.php?rest_route=%2Fwp%2Fv2%2Fcomments&post=160"}],"version-history":[{"count":0,"href":"https:\/\/provarq.ddns.net\/index.php?rest_route=\/wp\/v2\/pages\/160\/revisions"}],"wp:attachment":[{"href":"https:\/\/provarq.ddns.net\/index.php?rest_route=%2Fwp%2Fv2%2Fmedia&parent=160"}],"curies":[{"name":"wp","href":"https:\/\/api.w.org\/{rel}","templated":true}]}}